{"id":2,"date":"2020-09-25T11:43:43","date_gmt":"2020-09-25T11:43:43","guid":{"rendered":"http:\/\/www.szarnyalo.ro\/?page_id=2"},"modified":"2025-12-09T16:12:30","modified_gmt":"2025-12-09T14:12:30","slug":"sample-page","status":"publish","type":"page","link":"https:\/\/www.szarnyalo.ro\/index.php\/sample-page\/","title":{"rendered":""},"content":{"rendered":"<h2>A nevem Porsche Eszter. <\/h2>\n<p>\t\t\t\t\t\t\t\t\t\t\t\t\t\t\t<img fetchpriority=\"high\" decoding=\"async\" width=\"925\" height=\"617\" src=\"https:\/\/www.szarnyalo.ro\/wp-content\/uploads\/2025\/10\/IMG_0648-1024x683.jpeg\" alt=\"\" srcset=\"https:\/\/www.szarnyalo.ro\/wp-content\/uploads\/2025\/10\/IMG_0648-1024x683.jpeg 1024w, https:\/\/www.szarnyalo.ro\/wp-content\/uploads\/2025\/10\/IMG_0648-768x512.jpeg 768w, https:\/\/www.szarnyalo.ro\/wp-content\/uploads\/2025\/10\/IMG_0648-1536x1025.jpeg 1536w, https:\/\/www.szarnyalo.ro\/wp-content\/uploads\/2025\/10\/IMG_0648-90x60.jpeg 90w, https:\/\/www.szarnyalo.ro\/wp-content\/uploads\/2025\/10\/IMG_0648.jpeg 2048w\" sizes=\"(max-width: 925px) 100vw, 925px\" \/>\t\t\t\t\t\t\t\t\t\t\t\t\t<\/p>\n<p>&nbsp; &nbsp;Lovasoktat\u00f3k\u00e9nt egy m\u0171v\u00e9szethez hasonlatos m\u00f3dszerrel seg\u00edtek a lovasoknak, hogy egyenrang\u00fa t\u00e1rsk\u00e9nt, a kedvenceik testi-lelki j\u00f3l\u00e9t\u00e9t el\u0151t\u00e9rbe helyezve \u00e9rts\u00e9k meg \u00e9s nevelj\u00e9k \u0151ket.<\/p>\n<p>A lovak ir\u00e1nti szeretetem olyan r\u00e9g\u00f3ta tart, hogy nem is eml\u00e9kszem, mikor kezd\u0151d\u00f6tt. Kisiskol\u00e1s koromban kezdtem lovagolni, \u00e9s az\u00f3ta sem tudok meglenni ezek a csod\u00e1s \u00e1llatok n\u00e9lk\u00fcl. Sz\u00e1momra a l\u00f3val t\u00f6lt\u00f6tt id\u0151 a harm\u00f3ni\u00e1r\u00f3l sz\u00f3l: lehet az terepen lovagolva, p\u00e1ly\u00e1n dolgozva, egym\u00e1s mellett s\u00e9t\u00e1lva, vagy az, amikor \u00fcl\u00f6k mellett\u00fck, \u00e9s&nbsp; hallgatom ahogyan a sz\u00e9n\u00e1t ropogtatj\u00e1k. Kipr\u00f3b\u00e1ltam a lovassport t\u00f6bb \u00e1g\u00e1t, de egyiket sem \u00e9reztem a magam\u00e9nak igaz\u00e1n. Nekem a l\u00f3val val\u00f3 kellemes \u00f6sszhang a legfontosabb, \u00e9s \u00fagy gondolom, ehhez minden l\u00f3-lovas p\u00e1rosnak m\u00e1s az \u00fatja.<\/p>\n<h2><img decoding=\"async\" style=\"font-weight: var( --e-global-typography-text-font-weight ); border-width: medium; font-family: AvenirNext-Regular; -webkit-text-size-adjust: 100%;\" src=\"https:\/\/www.szarnyalo.ro\/wp-content\/uploads\/2023\/03\/1FB21075-5A73-4806-9D09-A8A605CAAC9B-1024x683.jpeg\" alt=\"\" width=\"925\" height=\"617\">&nbsp;<\/h2>\n<p>&nbsp; &nbsp; &nbsp;Szakm\u00e1mnak a l\u00f3- \u00e9s lovask\u00e9pz\u00e9st v\u00e1lasztottam, egy olyan m\u00f3dszerrel, ami sz\u00e1momra m\u0171v\u00e9szethez hasonl\u00edt. Ez a l\u00f3 testi \u00e9s szellemi \u00e9ps\u00e9g\u00e9t, a biomechanikailag helyes mozg\u00e1st \u00e9s az izomzat fokozatos er\u0151s\u00edt\u00e9s\u00e9t helyezi el\u0151t\u00e9rbe. Gyerekkoromban sok csik\u00f3val, valamint fiatal \u00e9s id\u0151sebb l\u00f3val foglalkoztam. Volt alkalmam betekinteni a&nbsp; tereplovagl\u00e1s, d\u00edjugrat\u00e1s, t\u00e1vlovagl\u00e1s, illetve fogathajt\u00e1s vil\u00e1g\u00e1ba. Azt\u00e1n egyetem alatt egy d\u00edjlovagl\u00e1ssal \u00e9s lovaster\u00e1pi\u00e1val foglalkoz\u00f3 lovard\u00e1ban dolgoztam \u00e9s tanultam. K\u00e9s\u0151bb Magyarorsz\u00e1gon lovasedz\u0151i diplom\u00e1t szereztem.&nbsp;<\/p>\n<p>&nbsp; &nbsp; &nbsp;Jelenleg saj\u00e1t lovaimmal tanulom az akad\u00e9miai l\u00f3kik\u00e9pz\u00e9s m\u0171v\u00e9szet\u00e9t (Academic Art of Riding). Ez a m\u00f3dszer a d\u00edjlovagl\u00e1s elm\u00e9let\u00e9re \u00e9p\u00fcl, a gyakorlatban viszont m\u00e1sk\u00e9pp n\u00e9z ki. F\u00f6ldr\u0151l kezdj\u00fck, lassabban haladunk, \u00e9s a l\u00f3 k\u00e9pess\u00e9geihez igaz\u00edtjuk a l\u00e9p\u00e9seket. Emellett m\u00e1s ter\u00fcleteken is fejlesztem&nbsp; magam: k\u00f6vetem a leg\u00fajabb elm\u00e9leteket, felfedez\u00e9seket \u00e9s kutat\u00e1sokat a l\u00f3ismeret, l\u00f3tart\u00e1s, valamint a lovak gondolkod\u00e1sa, \u00e9rz\u00e9kel\u00e9se \u00e9s testbesz\u00e9de ter\u00e9n. Jelenleg k\u00f6rm\u00f6l\u00e9st \u00e9s pata\u00e1pol\u00e1st is tanulok, hogy a saj\u00e1t lovaim pat\u00e1it magam gondozhassam.<\/p>\n<p>&nbsp;<img decoding=\"async\" style=\"border-width: medium; caret-color: #111111; color: #111111; font-family: AvenirNext-Regular; font-size: 40px; -webkit-text-size-adjust: 100%;\" src=\"https:\/\/www.szarnyalo.ro\/wp-content\/uploads\/2025\/10\/IMG_4260-1024x829.jpeg\" alt=\"\" width=\"925\" height=\"749\"><\/p>\n<p>&nbsp; &nbsp; &nbsp;A foglalkoz\u00e1saimon mostm\u00e1r a l\u00f3 nem al\u00e1rendelt, hanem egyenrang\u00fa t\u00e1rs. Figyelek az \u0151 ig\u00e9nyeire, \u00e9s \u201cp\u00e1rbesz\u00e9det\u201d alak\u00edtok ki&nbsp; vele. Egy\u00e9rtelm\u0171en megmutatom, mit k\u00e9rek t\u0151le, k\u00f6zben igyekszem a lehet\u0151 legjobban meg\u00e9rteni az \u0151 jelz\u00e9seit. C\u00e9lom ezt a tud\u00e1st \u00e9rthet\u0151 m\u00f3don \u00e1tadni a lovasoknak is. Olyanoknak, akik szeretn\u00e9nek valami plusz, kellemes dolgot hozz\u00e1tenni a mindennapjaikhoz, kieg\u00e9sz\u00edteni, fejleszteni azt, amit szoktak csin\u00e1lni. Akik a lovuk j\u00f3l\u00e9te nagyon fontos, \u00e9s tov\u00e1bb jav\u00edtan\u00e1k a l\u00f3val val\u00f3 kapcsolatukat is. Ez a fajta munka olyan is lehet, ak\u00e1r a gy\u00f3gytorna: megtan\u00edtjuk lovunkat \u00fagy mozogni, hogy az ne h\u00e1tr\u00e1ny\u00e1ra v\u00e1ljon, hanem seg\u00edtse a fizikai eg\u00e9szs\u00e9g\u00e9t. \u00c9rtse \u00e9s tanulja meg, hogy ez neki j\u00f3. Azut\u00e1n ne kem\u00e9ny h\u00fazavona legyen a lovagl\u00e1s, hanem inbk\u00e1bb olyan, ak\u00e1r egy g\u00f6rd\u00fcl\u00e9keny, k\u00f6nnyed t\u00e1nc.<\/p>\n<p>&nbsp; &nbsp; &nbsp;Kezd\u0151t\u0151l halad\u00f3 lovasig, csik\u00f3t\u00f3l gyakorlott l\u00f3ig b\u00e1rki profit\u00e1lhat bel\u0151le kurzusaimon vagy egy\u00e9ni \u00f3r\u00e1imon, \u00e9s kieg\u00e9sz\u00edtheti a megl\u00e9v\u0151 munkamenetet, pontos\u00edthatja a kommunik\u00e1ci\u00f3t. Nekem az tetszik a legjobban, hogy a saj\u00e1t lovaimmal sokkal jobb lett a kapcsolatom: a mindennapokban kellemesebb az egy\u00fcttl\u00e9t, \u00e9s a neh\u00e9z helyzetekben is k\u00f6nnyebben boldogulunk. Elegend\u0151 ak\u00e1r id\u0151nk\u00e9nt 10 perc&nbsp;<\/p>\n<p>&nbsp;<\/p>\n","protected":false},"excerpt":{"rendered":"<p>A nevem Porsche Eszter. &nbsp; &nbsp;Lovasoktat\u00f3k\u00e9nt egy m\u0171v\u00e9szethez hasonlatos m\u00f3dszerrel seg\u00edtek a lovasoknak, hogy egyenrang\u00fa t\u00e1rsk\u00e9nt, a kedvenceik testi-lelki j\u00f3l\u00e9t\u00e9t el\u0151t\u00e9rbe helyezve \u00e9rts\u00e9k meg \u00e9s nevelj\u00e9k \u0151ket. A lovak ir\u00e1nti szeretetem olyan r\u00e9g\u00f3ta tart, hogy nem is eml\u00e9kszem, mikor kezd\u0151d\u00f6tt. Kisiskol\u00e1s koromban kezdtem lovagolni, \u00e9s az\u00f3ta sem tudok meglenni ezek a csod\u00e1s \u00e1llatok n\u00e9lk\u00fcl. Sz\u00e1momra [&hellip;]<\/p>\n","protected":false},"author":2,"featured_media":0,"parent":0,"menu_order":0,"comment_status":"open","ping_status":"open","template":"","meta":{"saved_in_kubio":false,"footnotes":""},"class_list":["post-2","page","type-page","status-publish","hentry"],"kubio_ai_page_context":{"short_desc":"","purpose":"general"},"_links":{"self":[{"href":"https:\/\/www.szarnyalo.ro\/index.php\/wp-json\/wp\/v2\/pages\/2","targetHints":{"allow":["GET"]}}],"collection":[{"href":"https:\/\/www.szarnyalo.ro\/index.php\/wp-json\/wp\/v2\/pages"}],"about":[{"href":"https:\/\/www.szarnyalo.ro\/index.php\/wp-json\/wp\/v2\/types\/page"}],"author":[{"embeddable":true,"href":"https:\/\/www.szarnyalo.ro\/index.php\/wp-json\/wp\/v2\/users\/2"}],"replies":[{"embeddable":true,"href":"https:\/\/www.szarnyalo.ro\/index.php\/wp-json\/wp\/v2\/comments?post=2"}],"version-history":[{"count":72,"href":"https:\/\/www.szarnyalo.ro\/index.php\/wp-json\/wp\/v2\/pages\/2\/revisions"}],"predecessor-version":[{"id":690,"href":"https:\/\/www.szarnyalo.ro\/index.php\/wp-json\/wp\/v2\/pages\/2\/revisions\/690"}],"wp:attachment":[{"href":"https:\/\/www.szarnyalo.ro\/index.php\/wp-json\/wp\/v2\/media?parent=2"}],"curies":[{"name":"wp","href":"https:\/\/api.w.org\/{rel}","templated":true}]}}